{"id":437,"date":"2021-10-14T08:23:51","date_gmt":"2021-10-14T08:23:51","guid":{"rendered":"https:\/\/dev.vitalcea.store\/?page_id=437"},"modified":"2021-12-06T15:15:16","modified_gmt":"2021-12-06T15:15:16","slug":"polityka-prywatnosci","status":"publish","type":"page","link":"https:\/\/vitalcea.store\/pl\/polityka-prywatnosci\/","title":{"rendered":"Polityka prywatno\u015bci"},"content":{"rendered":"\t\t<div data-elementor-type=\"wp-page\" data-elementor-id=\"437\" class=\"elementor elementor-437\">\n\t\t\t\t\t\t\t\t\t<section class=\"elementor-section elementor-top-section elementor-element elementor-element-11be4618 elementor-section-height-min-height elementor-section-boxed elementor-section-height-default elementor-section-items-middle\" data-id=\"11be4618\" data-element_type=\"section\" data-settings=\"{&quot;background_background&quot;:&quot;classic&quot;}\">\n\t\t\t\t\t\t<div class=\"elementor-container elementor-column-gap-default\">\n\t\t\t\t\t<div class=\"elementor-column elementor-col-100 elementor-top-column elementor-element elementor-element-4b5fae40\" data-id=\"4b5fae40\" data-element_type=\"column\">\n\t\t\t<div class=\"elementor-widget-wrap\">\n\t\t\t\t\t\t\t\t\t<\/div>\n\t\t<\/div>\n\t\t\t\t\t\t\t<\/div>\n\t\t<\/section>\n\t\t\t\t<section class=\"elementor-section elementor-top-section elementor-element elementor-element-747dc037 elementor-section-boxed elementor-section-height-default elementor-section-height-default\" data-id=\"747dc037\" data-element_type=\"section\">\n\t\t\t\t\t\t<div class=\"elementor-container elementor-column-gap-default\">\n\t\t\t\t\t<div class=\"elementor-column elementor-col-100 elementor-top-column elementor-element elementor-element-7fb27b92\" data-id=\"7fb27b92\" data-element_type=\"column\">\n\t\t\t<div class=\"elementor-widget-wrap elementor-element-populated\">\n\t\t\t\t\t\t\t\t<div class=\"elementor-element elementor-element-6f4e31f4 elementor-widget elementor-widget-image\" data-id=\"6f4e31f4\" data-element_type=\"widget\" data-widget_type=\"image.default\">\n\t\t\t\t<div class=\"elementor-widget-container\">\n\t\t\t\t\t\t\t\t\t\t\t\t\t\t\t<img decoding=\"async\" width=\"88\" height=\"14\" src=\"https:\/\/vitalcea.store\/wp-content\/uploads\/2021\/10\/vitalcea-decor.png\" class=\"attachment-full size-full wp-image-1973\" alt=\"\" loading=\"lazy\" \/>\t\t\t\t\t\t\t\t\t\t\t\t\t\t\t<\/div>\n\t\t\t\t<\/div>\n\t\t\t\t<div class=\"elementor-element elementor-element-506aa947 elementor-widget elementor-widget-heading\" data-id=\"506aa947\" data-element_type=\"widget\" data-widget_type=\"heading.default\">\n\t\t\t\t<div class=\"elementor-widget-container\">\n\t\t\t<h2 class=\"elementor-heading-title elementor-size-default\">POLITYKA PRYWATNO\u015aCI<\/h2>\t\t<\/div>\n\t\t\t\t<\/div>\n\t\t\t\t\t<\/div>\n\t\t<\/div>\n\t\t\t\t\t\t\t<\/div>\n\t\t<\/section>\n\t\t\t\t<section class=\"elementor-section elementor-top-section elementor-element elementor-element-60ec455 elementor-section-boxed elementor-section-height-default elementor-section-height-default\" data-id=\"60ec455\" data-element_type=\"section\">\n\t\t\t\t\t\t<div class=\"elementor-container elementor-column-gap-default\">\n\t\t\t\t\t<div class=\"elementor-column elementor-col-100 elementor-top-column elementor-element elementor-element-22543f56\" data-id=\"22543f56\" data-element_type=\"column\">\n\t\t\t<div class=\"elementor-widget-wrap elementor-element-populated\">\n\t\t\t\t\t\t\t\t<div class=\"elementor-element elementor-element-1fbe204b elementor-widget elementor-widget-text-editor\" data-id=\"1fbe204b\" data-element_type=\"widget\" data-widget_type=\"text-editor.default\">\n\t\t\t\t<div class=\"elementor-widget-container\">\n\t\t\t\t\t\t\tZgodnie z rozporz\u0105dzeniem Parlamentu Europejskiego i Rady (UE) 2016\/679 z dnia 27 kwietnia 2016 r. W sprawie ochrony os\u00f3b fizycznych w zwi\u0105zku z przetwarzaniem danych osobowych i swobodnym przep\u0142ywem takich danych Administrator o\u015bwiadcza, \u017ce wdro\u017cy\u0142 wszelkie \u015brodki maj\u0105ce na celu ochron\u0119 danych u\u017cytkownik\u00f3w, co wyra\u017ca niniejsza Polityka prywatno\u015bci.\t\t\t\t\t\t<\/div>\n\t\t\t\t<\/div>\n\t\t\t\t\t<\/div>\n\t\t<\/div>\n\t\t\t\t\t\t\t<\/div>\n\t\t<\/section>\n\t\t\t\t<section class=\"elementor-section elementor-top-section elementor-element elementor-element-73739ea4 elementor-section-boxed elementor-section-height-default elementor-section-height-default\" data-id=\"73739ea4\" data-element_type=\"section\">\n\t\t\t\t\t\t<div class=\"elementor-container elementor-column-gap-default\">\n\t\t\t\t\t<div class=\"elementor-column elementor-col-100 elementor-top-column elementor-element elementor-element-6ef5ca8b\" data-id=\"6ef5ca8b\" data-element_type=\"column\">\n\t\t\t<div class=\"elementor-widget-wrap elementor-element-populated\">\n\t\t\t\t\t\t\t\t<div class=\"elementor-element elementor-element-2e2560ec elementor-widget elementor-widget-text-editor\" data-id=\"2e2560ec\" data-element_type=\"widget\" data-widget_type=\"text-editor.default\">\n\t\t\t\t<div class=\"elementor-widget-container\">\n\t\t\t\t\t\t\t<ol>\n \t<li>Warunki u\u017cyte w Polityce prywatno\u015bci oznaczaj\u0105:\n<ol style=\"list-style-type: lower-latin;\">\n \t<li>Administrator \u2013 administrator danych osobowych, kt\u00f3rym jest Sprzedawca okre\u015blony w Regulaminie sprzeda\u017cy na Platformie,<\/li>\n \t<li>Dane osobowe \u2013 informacje o zidentyfikowanej lub mo\u017cliwej do zidentyfikowania osobie fizycznej; mo\u017cliwa do zidentyfikowania osoba fizyczna to osoba, kt\u00f3r\u0105 mo\u017cna bezpo\u015brednio lub po\u015brednio zidentyfikowa\u0107, w szczeg\u00f3lno\u015bci na podstawie identyfikatora, takiego jak imi\u0119 i nazwisko, numer identyfikacyjny, dane dotycz\u0105ce lokalizacji, identyfikator internetowy lub jeden lub wi\u0119cej szczeg\u00f3lnych czynnik\u00f3w, kt\u00f3re okre\u015blaj\u0105 cechy fizyczne, fizjologiczna, genetyczna, psychologiczna, ekonomiczna, kulturowa lub spo\u0142eczna to\u017csamo\u015b\u0107 osoby fizycznej,<\/li>\n \t<li>Regulamin \u2013 Warunki sprzeda\u017cy przy korzystaniu ze \u015brodk\u00f3w komunikacji na odleg\u0142o\u015b\u0107 za po\u015brednictwem Platformy,<\/li>\n \t<li>Rozporz\u0105dzenie \u2013 rozporz\u0105dzenie Parlamentu Europejskiego i Rady (UE) 2016\/679 z dnia 27 kwietnia 2016 r. w sprawie ochrony os\u00f3b fizycznych w zwi\u0105zku z przetwarzaniem danych osobowych i swobodnym przep\u0142ywem takich danych oraz uchylenia dyrektywy 95\/46 \/ WE,<\/li>\n \t<li>U\u017cytkownik \u2013 ka\u017cda osoba fizyczna odwiedzaj\u0105ca Platform\u0119, zawieraj\u0105ca umow\u0119 sprzeda\u017cy w spos\u00f3b okre\u015blony w Regulaminie lub korzystaj\u0105ca z jednej lub kilku us\u0142ug lub funkcji opisanych w Polityce prywatno\u015bci lub Regulaminie dost\u0119pnym na Platformie.<\/li>\n<\/ol>\n<\/li>\n \t<li>Wszystkie terminy u\u017cyte w niniejszej Polityce prywatno\u015bci, niewymienione w ust. 1 powy\u017cej, maj\u0105 znaczenie nadane im w Regulaminie dost\u0119pnym na Platformie.<\/li>\n \t<li>Celem niniejszej Polityki prywatno\u015bci jest okre\u015blenie zasad gromadzenia, przetwarzania i ochrony danych przekazywanych przez U\u017cytkownik\u00f3w, zgodnie z Regulaminem, w zwi\u0105zku z korzystaniem z Platformy.<\/li>\n \t<li>W zwi\u0105zku z korzystaniem przez U\u017cytkownika z Platformy Administrator zbiera dane w zakresie niezb\u0119dnym do prowadzenia sprzeda\u017cy za po\u015brednictwem w spos\u00f3b okre\u015blony w Regulaminie, a tak\u017ce informacje o aktywno\u015bci U\u017cytkownika na Platformie.<\/li>\n \t<li>Dane osobowe U\u017cytkownik\u00f3w podlegaj\u0105 szczeg\u00f3lnej ochronie i s\u0105 wykorzystywane wy\u0142\u0105cznie w zakresie, w jakim U\u017cytkownik wyrazi\u0142 na to zgod\u0119.<\/li>\n<\/ol>\t\t\t\t\t\t<\/div>\n\t\t\t\t<\/div>\n\t\t\t\t\t<\/div>\n\t\t<\/div>\n\t\t\t\t\t\t\t<\/div>\n\t\t<\/section>\n\t\t\t\t<section class=\"elementor-section elementor-top-section elementor-element elementor-element-68115a3d elementor-section-boxed elementor-section-height-default elementor-section-height-default\" data-id=\"68115a3d\" data-element_type=\"section\">\n\t\t\t\t\t\t<div class=\"elementor-container elementor-column-gap-default\">\n\t\t\t\t\t<div class=\"elementor-column elementor-col-100 elementor-top-column elementor-element elementor-element-6773bea2\" data-id=\"6773bea2\" data-element_type=\"column\">\n\t\t\t<div class=\"elementor-widget-wrap elementor-element-populated\">\n\t\t\t\t\t\t\t\t<div class=\"elementor-element elementor-element-593c958c elementor-widget elementor-widget-text-editor\" data-id=\"593c958c\" data-element_type=\"widget\" data-widget_type=\"text-editor.default\">\n\t\t\t\t<div class=\"elementor-widget-container\">\n\t\t\t\t\t\t\t<ol style=\"list-style-type: upper-roman;\">\n \t<li>CEL POZYSKIWANIA DANYCH I ZAKRES PRZETWARZANYCH DANYCH\n<ol>\n \t<li>Korzystanie przez U\u017cytkownika z Platformy wi\u0105\u017ce si\u0119 z przetwarzaniem jego danych osobowych. Podanie danych oznaczonych jako obowi\u0105zkowe jest wymagane w celu przyj\u0119cia i przetworzenia Zam\u00f3wienia, a ich niepodanie skutkuje brakiem jego realizacji.<\/li>\n \t<li>Dane osobowe U\u017cytkownik\u00f3w korzystaj\u0105cych z Platformy s\u0105 przetwarzane przez Administratora w celu:\n<ol style=\"list-style-type: lower-latin;\">\n \t<li>realizacji Zam\u00f3wie\u0144 z\u0142o\u017conych w spos\u00f3b okre\u015blony w Regulaminie,<\/li>\n \t<li>kontaktu z u\u017cytkownikiem,<\/li>\n \t<li>rozpatrywania reklamacji,<\/li>\n \t<li>dzia\u0142a\u0144 analitycznych i statystycznych,<\/li>\n \t<li>marketingu bezpo\u015bredniego, w tym w celu otrzymywania przez U\u017cytkownika drog\u0105 elektroniczn\u0105, w tym r\u00f3wnie\u017c przy u\u017cyciu telekomunikacyjnych urz\u0105dze\u0144 ko\u0144cowych i automatycznych system\u00f3w wywo\u0142uj\u0105cych, na podane przez U\u017cytkownika numer telefonu oraz adres e-mail, informacji handlowych dotycz\u0105cych produkt\u00f3w i us\u0142ug oferowanych do sprzeda\u017cy przez Administratora.<\/li>\n<\/ol>\n<\/li>\n \t<li>Administrator mo\u017ce przetwarza\u0107 nast\u0119puj\u0105ce dane osobowe U\u017cytkownik\u00f3w:\n<ol style=\"list-style-type: lower-latin;\">\n \t<li>adres IP\noraz, wy\u0142\u0105cznie co do U\u017cytkownik\u00f3w, kt\u00f3rzy dokonali Zam\u00f3wienia za po\u015brednictwem Platformy:<\/li>\n \t<li>imi\u0119 i nazwisko,<\/li>\n \t<li>adres poczty elektronicznej,<\/li>\n \t<li>numer telefonu kom\u00f3rkowego,<\/li>\n \t<li>adres dostawy (ulica, numer domu, numer lokalu, kod pocztowy, miejscowo\u015b\u0107, kraj),<\/li>\n \t<li>numer identyfikacji podatkowej (w przypadku U\u017cytkownik\u00f3w nieb\u0119d\u0105cych Konsumentami),<\/li>\n \t<li>nazw\u0119 firmy (w przypadku u\u017cytkownik\u00f3w nieb\u0119d\u0105cych konsumentami).<\/li>\n<\/ol>\n<\/li>\n \t<li>Administrator wykorzystuje tak zwane pliki cookie, kt\u00f3rych szczeg\u00f3\u0142owe warunki s\u0105 opublikowane w Polityce plik\u00f3w cookie na Platformie.<\/li>\n \t<li>Zgoda na przetwarzanie danych w celach okre\u015blonych w ust. 2 udzielana jest poprzez z\u0142o\u017cenie zam\u00f3wienia, zaznaczenie odpowiednich okienek wyboru lub akceptacj\u0119 niniejszej Polityki prywatno\u015bci w czasie sk\u0142adania zam\u00f3wienia.<\/li>\n<\/ol>\n<\/li>\n \t<li>PODSTAWY PRZETWARZANIA DANYCH\n<ol>\n \t<li>Podstaw\u0105 przetwarzania danych osobowych U\u017cytkownik\u00f3w jest:\n<ol style=\"list-style-type: lower-latin;\">\n \t<li>art. 6 ust. 1 lit. a Rozporz\u0105dzenia \u2013 w zakresie, w jakim U\u017cytkownik wyrazi\u0142 zgod\u0119 na ich przetwarzanie w celach marketingowych;<\/li>\n \t<li>art. 6 ust. 1 lit. b Rozporz\u0105dzenia \u2013 w zakresie, w jakim przetwarzanie podanych przez U\u017cytkownika danych osobowych jest niezb\u0119dne do wykonania umowy, zawartej pomi\u0119dzy Administratorem i U\u017cytkownikiem w Sklepie;<\/li>\n \t<li>art. 6 ust. 1 lit. f Rozporz\u0105dzenia \u2013 w zakresie, w jakim ich przetwarzanie jest niezb\u0119dne do cel\u00f3w wynikaj\u0105cych z prawnie uzasadnionych interes\u00f3w Administratora, jakim jest dochodzenie roszcze\u0144 zwi\u0105zanych z umowami zawartymi w Sk<\/li>\n<\/ol>\n<\/li>\n<\/ol>\n<\/li>\n \t<li>PRAWA U\u017bYTKOWNIK\u00d3W ZWI\u0104ZANE Z PRZETWARZANIEM DANYCH OSOBOWYCH\n<ol>\n \t<li>Ka\u017cdy U\u017cytkownik ma prawo dost\u0119pu do swoich danych, w tym do uzyskania kopii, sprostowania danych, \u017c\u0105dania ich usuni\u0119cia, ograniczenia przetwarzania, sprzeciwienia si\u0119 przetwarzaniu i przekazania danych innym administratorom danych. U\u017cytkownik powinien skontaktowa\u0107 si\u0119 z dzia\u0142em obs\u0142ugi klienta za po\u015brednictwem elektronicznego formularza kontaktowego na stronie dost\u0119pnego na Platformie.<\/li>\n \t<li>U\u017cytkownik mo\u017ce wycofa\u0107 zgody na przetwarzanie jego danych osobowych, udzielone na podstawie art. 6 ust. 1 lit. a Rozporz\u0105dzenia,, w dowolnym momencie, korzystaj\u0105c z adresu e-mail i formularza wycofania zg\u00f3d, dost\u0119pnego na Platformie. Wycofanie zgody nie ma wp\u0142ywu na zgodno\u015b\u0107 z prawem przetwarzania, kt\u00f3rego dokonano na podstawie zgody przed jej wycofaniem.<\/li>\n \t<li>U\u017cytkownikowi przys\u0142uguje tak\u017ce prawo wniesienia skargi do organu nadzorczego zajmuj\u0105cego si\u0119 ochron\u0105 danych osobowych.<\/li>\n \t<li>Podanie danych osobowych jest dobrowolne, ale niezb\u0119dne do zawarcia Umowy sprzeda\u017cy.<\/li>\n \t<li>Administrator zapewnia mo\u017cliwo\u015b\u0107 skontaktowania si\u0119 z nim za pomoc\u0105 elektronicznych formularzy kontaktowych. Korzystanie z formularza wymaga podania danych osobowych niezb\u0119dnych do skontaktowania si\u0119 z U\u017cytkownikiem i udzielenia odpowiedzi na jego \u017c\u0105danie. Podanie danych oznaczonych jako obowi\u0105zkowe jest wymagane w celu otrzymania i przetworzenia \u017c\u0105dania, a ich niepodanie skutkuje brakiem us\u0142ugi.<\/li>\n \t<li>W procesie kontaktu elektronicznego Administrator przetwarza dane U\u017cytkownika w celu identyfikacji nadawcy i obs\u0142ugi jego zapytania.<\/li>\n<\/ol>\n<\/li>\n \t<li>ODBIORCY DANYCH\n<ol>\n \t<li>W zwi\u0105zku ze sprzeda\u017c\u0105 za po\u015brednictwem Platformy dane osobowe b\u0119d\u0105 ujawniane podmiotom zewn\u0119trznym, w tym w szczeg\u00f3lno\u015bci dostawcom odpowiedzialnym za obs\u0142ug\u0119 system\u00f3w informatycznych, podmiotom takim jak banki i operatorzy p\u0142atno\u015bci, podmiotom zapewniaj\u0105cym rachunkowo\u015b\u0107, prawo, audyt, doradztwo , kurier (w zwi\u0105zku z realizacj\u0105 zam\u00f3wienia), agencje marketingowe (w zakresie us\u0142ug marketingowych) oraz podmioty powi\u0105zane z Administratorem.<\/li>\n \t<li>Administrator zastrzega sobie prawo do ujawnienia wybranych informacji dotycz\u0105cych U\u017cytkownika w\u0142a\u015bciwym organom, kt\u00f3re z\u0142o\u017c\u0105 wniosek o takie informacje, na podstawie odpowiedniej podstawy prawnej i zgodnie z obowi\u0105zuj\u0105cym prawem.<\/li>\n<\/ol>\n<\/li>\n \t<li>OKRES PRZWETWARZANIA DANYCH\n<ol>\n \t<li>Dane osobowe U\u017cytkownika przetwarzane w zwi\u0105zku z wykonywaniem umowy, zawartej za po\u015brednictwem Platformy, przetwarzane s\u0105 przez okres niezb\u0119dny do wykonania wszelkich uprawnie\u0144 przys\u0142uguj\u0105cych Administratorowi z tytu\u0142u zawarcia tej umowy, w tym dochodzenia roszcze\u0144, do dnia up\u0142ywu terminu ich przedawnienia.<\/li>\n \t<li>Dane osobowe U\u017cytkownika przetwarzane na podstawie udzielonej przez U\u017cytkownika zgody b\u0119d\u0105 przetwarzane do czasu cofni\u0119cia przez U\u017cytkownika zgody na ich przetwarzanie.<\/li>\n<\/ol>\n<\/li>\n \t<li>MIEJSCE PRZECHOWYWANIA DANYCH ORAZ DZIA\u0141ANIA ZAPEWNIAJ\u0104CE BEZPIECE\u0143STWO ICH PRZETWARZANIA\n<ol>\n \t<li>Administrator przechowuje dane na nale\u017c\u0105cych do niego serwerach zapewniaj\u0105cych ich pe\u0142ne bezpiecze\u0144stwo.<\/li>\n \t<li>Administrator na bie\u017c\u0105co przeprowadza analiz\u0119 ryzyka, aby zapewni\u0107, \u017ce dane osobowe s\u0105 przetwarzane w bezpieczny spos\u00f3b \u2013 zapewniaj\u0105c przede wszystkim, \u017ce tylko upowa\u017cnione osoby maj\u0105 dost\u0119p do danych i tylko w zakresie, w jakim jest to konieczne ze wzgl\u0119du na wykonywane zadania przez nich. Administrator upewnia si\u0119, \u017ce wszystkie operacje na danych osobowych s\u0105 rejestrowane i wykonywane wy\u0142\u0105cznie przez upowa\u017cnionych pracownik\u00f3w i wsp\u00f3\u0142pracownik\u00f3w.<\/li>\n<\/ol>\n<\/li>\n \t<li>POSTANOWIENIA KO\u0143COWE\n<ol>\n \t<li>Administrator zastrzega sobie prawo do wprowadzania zmian lub uzupe\u0142nie\u0144 do niniejszej Polityki prywatno\u015bci. Zmiany obowi\u0105zuj\u0105 od momentu ich wprowadzenia.<\/li>\n \t<li>Warunkiem korzystania ze Platformy jest akceptacja niniejszej Polityki prywatno\u015bci.<\/li>\n<\/ol>\n<\/li>\n<\/ol>\t\t\t\t\t\t<\/div>\n\t\t\t\t<\/div>\n\t\t\t\t\t<\/div>\n\t\t<\/div>\n\t\t\t\t\t\t\t<\/div>\n\t\t<\/section>\n\t\t\t\t<section class=\"elementor-section elementor-top-section elementor-element elementor-element-1d5055cf elementor-section-boxed elementor-section-height-default elementor-section-height-default\" data-id=\"1d5055cf\" data-element_type=\"section\">\n\t\t\t\t\t\t<div class=\"elementor-container elementor-column-gap-default\">\n\t\t\t\t\t<div class=\"elementor-column elementor-col-100 elementor-top-column elementor-element elementor-element-78417c8b\" data-id=\"78417c8b\" data-element_type=\"column\">\n\t\t\t<div class=\"elementor-widget-wrap elementor-element-populated\">\n\t\t\t\t\t\t\t\t<div class=\"elementor-element elementor-element-283bbea1 elementor-widget elementor-widget-spacer\" data-id=\"283bbea1\" data-element_type=\"widget\" data-widget_type=\"spacer.default\">\n\t\t\t\t<div class=\"elementor-widget-container\">\n\t\t\t\t\t<div class=\"elementor-spacer\">\n\t\t\t<div class=\"elementor-spacer-inner\"><\/div>\n\t\t<\/div>\n\t\t\t\t<\/div>\n\t\t\t\t<\/div>\n\t\t\t\t\t<\/div>\n\t\t<\/div>\n\t\t\t\t\t\t\t<\/div>\n\t\t<\/section>\n\t\t\t\t\t\t\t<\/div>\n\t\t","protected":false},"excerpt":{"rendered":"<p>POLITYKA PRYWATNO\u015aCI Zgodnie z rozporz\u0105dzeniem Parlamentu Europejskiego i Rady (UE) 2016\/679 z dnia 27 kwietnia 2016 r. W sprawie ochrony os\u00f3b fizycznych w zwi\u0105zku z przetwarzaniem danych osobowych i swobodnym przep\u0142ywem takich danych Administrator o\u015bwiadcza, \u017ce wdro\u017cy\u0142 wszelkie \u015brodki maj\u0105ce na celu ochron\u0119 danych u\u017cytkownik\u00f3w, co wyra\u017ca niniejsza Polityka prywatno\u015bci. Warunki u\u017cyte w Polityce prywatno\u015bci &hellip;<\/p>\n<p class=\"read-more\"> <a class=\"\" href=\"https:\/\/vitalcea.store\/pl\/polityka-prywatnosci\/\"> <span class=\"screen-reader-text\">Polityka prywatno\u015bci<\/span> Read More &raquo;<\/a><\/p>\n","protected":false},"author":1,"featured_media":0,"parent":0,"menu_order":0,"comment_status":"closed","ping_status":"closed","template":"","meta":{"site-sidebar-layout":"no-sidebar","site-content-layout":"page-builder","ast-global-header-display":"","ast-main-header-display":"","ast-hfb-above-header-display":"","ast-hfb-below-header-display":"","ast-hfb-mobile-header-display":"","site-post-title":"disabled","ast-breadcrumbs-content":"","ast-featured-img":"disabled","footer-sml-layout":"","theme-transparent-header-meta":"default","adv-header-id-meta":"","stick-header-meta":"","header-above-stick-meta":"","header-main-stick-meta":"","header-below-stick-meta":""},"yoast_head":"<!-- This site is optimized with the Yoast SEO plugin v20.3 - https:\/\/yoast.com\/wordpress\/plugins\/seo\/ -->\n<title>Polityka prywatno\u015bci - Vitalcea<\/title>\n<meta name=\"robots\" content=\"index, follow, max-snippet:-1, max-image-preview:large, max-video-preview:-1\" \/>\n<link rel=\"canonical\" href=\"https:\/\/vitalcea.store\/pl\/polityka-prywatnosci\/\" \/>\n<meta property=\"og:locale\" content=\"pl_PL\" \/>\n<meta property=\"og:type\" content=\"article\" \/>\n<meta property=\"og:title\" content=\"Polityka prywatno\u015bci - Vitalcea\" \/>\n<meta property=\"og:description\" content=\"POLITYKA PRYWATNO\u015aCI Zgodnie z rozporz\u0105dzeniem Parlamentu Europejskiego i Rady (UE) 2016\/679 z dnia 27 kwietnia 2016 r. W sprawie ochrony os\u00f3b fizycznych w zwi\u0105zku z przetwarzaniem danych osobowych i swobodnym przep\u0142ywem takich danych Administrator o\u015bwiadcza, \u017ce wdro\u017cy\u0142 wszelkie \u015brodki maj\u0105ce na celu ochron\u0119 danych u\u017cytkownik\u00f3w, co wyra\u017ca niniejsza Polityka prywatno\u015bci. Warunki u\u017cyte w Polityce prywatno\u015bci &hellip; Polityka prywatno\u015bci Read More &raquo;\" \/>\n<meta property=\"og:url\" content=\"https:\/\/vitalcea.store\/pl\/polityka-prywatnosci\/\" \/>\n<meta property=\"og:site_name\" content=\"Vitalcea\" \/>\n<meta property=\"article:modified_time\" content=\"2021-12-06T15:15:16+00:00\" \/>\n<meta property=\"og:image\" content=\"https:\/\/vitalcea.store\/wp-content\/uploads\/2021\/10\/vitalcea-decor.png\" \/>\n<meta name=\"twitter:card\" content=\"summary_large_image\" \/>\n<meta name=\"twitter:label1\" content=\"Szacowany czas czytania\" \/>\n\t<meta name=\"twitter:data1\" content=\"5 minut\" \/>\n<script type=\"application\/ld+json\" class=\"yoast-schema-graph\">{\"@context\":\"https:\/\/schema.org\",\"@graph\":[{\"@type\":\"WebPage\",\"@id\":\"https:\/\/vitalcea.store\/pl\/polityka-prywatnosci\/\",\"url\":\"https:\/\/vitalcea.store\/pl\/polityka-prywatnosci\/\",\"name\":\"Polityka prywatno\u015bci - Vitalcea\",\"isPartOf\":{\"@id\":\"https:\/\/vitalcea.store\/pl\/#website\"},\"datePublished\":\"2021-10-14T08:23:51+00:00\",\"dateModified\":\"2021-12-06T15:15:16+00:00\",\"breadcrumb\":{\"@id\":\"https:\/\/vitalcea.store\/pl\/polityka-prywatnosci\/#breadcrumb\"},\"inLanguage\":\"pl-PL\",\"potentialAction\":[{\"@type\":\"ReadAction\",\"target\":[\"https:\/\/vitalcea.store\/pl\/polityka-prywatnosci\/\"]}]},{\"@type\":\"BreadcrumbList\",\"@id\":\"https:\/\/vitalcea.store\/pl\/polityka-prywatnosci\/#breadcrumb\",\"itemListElement\":[{\"@type\":\"ListItem\",\"position\":1,\"name\":\"Home\",\"item\":\"https:\/\/vitalcea.store\/pl\/\"},{\"@type\":\"ListItem\",\"position\":2,\"name\":\"Polityka prywatno\u015bci\"}]},{\"@type\":\"WebSite\",\"@id\":\"https:\/\/vitalcea.store\/pl\/#website\",\"url\":\"https:\/\/vitalcea.store\/pl\/\",\"name\":\"Vitalcea\",\"description\":\"\",\"publisher\":{\"@id\":\"https:\/\/vitalcea.store\/pl\/#organization\"},\"potentialAction\":[{\"@type\":\"SearchAction\",\"target\":{\"@type\":\"EntryPoint\",\"urlTemplate\":\"https:\/\/vitalcea.store\/pl\/?s={search_term_string}\"},\"query-input\":\"required name=search_term_string\"}],\"inLanguage\":\"pl-PL\"},{\"@type\":\"Organization\",\"@id\":\"https:\/\/vitalcea.store\/pl\/#organization\",\"name\":\"Vitalcea\",\"url\":\"https:\/\/vitalcea.store\/pl\/\",\"logo\":{\"@type\":\"ImageObject\",\"inLanguage\":\"pl-PL\",\"@id\":\"https:\/\/vitalcea.store\/pl\/#\/schema\/logo\/image\/\",\"url\":\"https:\/\/vitalcea.store\/wp-content\/uploads\/2021\/11\/vitalcea-logo-190n-1.png\",\"contentUrl\":\"https:\/\/vitalcea.store\/wp-content\/uploads\/2021\/11\/vitalcea-logo-190n-1.png\",\"width\":190,\"height\":42,\"caption\":\"Vitalcea\"},\"image\":{\"@id\":\"https:\/\/vitalcea.store\/pl\/#\/schema\/logo\/image\/\"}}]}<\/script>\n<!-- \/ Yoast SEO plugin. -->","yoast_head_json":{"title":"Polityka prywatno\u015bci - Vitalcea","robots":{"index":"index","follow":"follow","max-snippet":"max-snippet:-1","max-image-preview":"max-image-preview:large","max-video-preview":"max-video-preview:-1"},"canonical":"https:\/\/vitalcea.store\/pl\/polityka-prywatnosci\/","og_locale":"pl_PL","og_type":"article","og_title":"Polityka prywatno\u015bci - Vitalcea","og_description":"POLITYKA PRYWATNO\u015aCI Zgodnie z rozporz\u0105dzeniem Parlamentu Europejskiego i Rady (UE) 2016\/679 z dnia 27 kwietnia 2016 r. W sprawie ochrony os\u00f3b fizycznych w zwi\u0105zku z przetwarzaniem danych osobowych i swobodnym przep\u0142ywem takich danych Administrator o\u015bwiadcza, \u017ce wdro\u017cy\u0142 wszelkie \u015brodki maj\u0105ce na celu ochron\u0119 danych u\u017cytkownik\u00f3w, co wyra\u017ca niniejsza Polityka prywatno\u015bci. Warunki u\u017cyte w Polityce prywatno\u015bci &hellip; Polityka prywatno\u015bci Read More &raquo;","og_url":"https:\/\/vitalcea.store\/pl\/polityka-prywatnosci\/","og_site_name":"Vitalcea","article_modified_time":"2021-12-06T15:15:16+00:00","og_image":[{"url":"https:\/\/vitalcea.store\/wp-content\/uploads\/2021\/10\/vitalcea-decor.png"}],"twitter_card":"summary_large_image","twitter_misc":{"Szacowany czas czytania":"5 minut"},"schema":{"@context":"https:\/\/schema.org","@graph":[{"@type":"WebPage","@id":"https:\/\/vitalcea.store\/pl\/polityka-prywatnosci\/","url":"https:\/\/vitalcea.store\/pl\/polityka-prywatnosci\/","name":"Polityka prywatno\u015bci - Vitalcea","isPartOf":{"@id":"https:\/\/vitalcea.store\/pl\/#website"},"datePublished":"2021-10-14T08:23:51+00:00","dateModified":"2021-12-06T15:15:16+00:00","breadcrumb":{"@id":"https:\/\/vitalcea.store\/pl\/polityka-prywatnosci\/#breadcrumb"},"inLanguage":"pl-PL","potentialAction":[{"@type":"ReadAction","target":["https:\/\/vitalcea.store\/pl\/polityka-prywatnosci\/"]}]},{"@type":"BreadcrumbList","@id":"https:\/\/vitalcea.store\/pl\/polityka-prywatnosci\/#breadcrumb","itemListElement":[{"@type":"ListItem","position":1,"name":"Home","item":"https:\/\/vitalcea.store\/pl\/"},{"@type":"ListItem","position":2,"name":"Polityka prywatno\u015bci"}]},{"@type":"WebSite","@id":"https:\/\/vitalcea.store\/pl\/#website","url":"https:\/\/vitalcea.store\/pl\/","name":"Vitalcea","description":"","publisher":{"@id":"https:\/\/vitalcea.store\/pl\/#organization"},"potentialAction":[{"@type":"SearchAction","target":{"@type":"EntryPoint","urlTemplate":"https:\/\/vitalcea.store\/pl\/?s={search_term_string}"},"query-input":"required name=search_term_string"}],"inLanguage":"pl-PL"},{"@type":"Organization","@id":"https:\/\/vitalcea.store\/pl\/#organization","name":"Vitalcea","url":"https:\/\/vitalcea.store\/pl\/","logo":{"@type":"ImageObject","inLanguage":"pl-PL","@id":"https:\/\/vitalcea.store\/pl\/#\/schema\/logo\/image\/","url":"https:\/\/vitalcea.store\/wp-content\/uploads\/2021\/11\/vitalcea-logo-190n-1.png","contentUrl":"https:\/\/vitalcea.store\/wp-content\/uploads\/2021\/11\/vitalcea-logo-190n-1.png","width":190,"height":42,"caption":"Vitalcea"},"image":{"@id":"https:\/\/vitalcea.store\/pl\/#\/schema\/logo\/image\/"}}]}},"_links":{"self":[{"href":"https:\/\/vitalcea.store\/pl\/wp-json\/wp\/v2\/pages\/437"}],"collection":[{"href":"https:\/\/vitalcea.store\/pl\/wp-json\/wp\/v2\/pages"}],"about":[{"href":"https:\/\/vitalcea.store\/pl\/wp-json\/wp\/v2\/types\/page"}],"author":[{"embeddable":true,"href":"https:\/\/vitalcea.store\/pl\/wp-json\/wp\/v2\/users\/1"}],"replies":[{"embeddable":true,"href":"https:\/\/vitalcea.store\/pl\/wp-json\/wp\/v2\/comments?post=437"}],"version-history":[{"count":24,"href":"https:\/\/vitalcea.store\/pl\/wp-json\/wp\/v2\/pages\/437\/revisions"}],"predecessor-version":[{"id":4560,"href":"https:\/\/vitalcea.store\/pl\/wp-json\/wp\/v2\/pages\/437\/revisions\/4560"}],"wp:attachment":[{"href":"https:\/\/vitalcea.store\/pl\/wp-json\/wp\/v2\/media?parent=437"}],"curies":[{"name":"wp","href":"https:\/\/api.w.org\/{rel}","templated":true}]}}