{"id":432,"date":"2021-10-14T08:21:31","date_gmt":"2021-10-14T08:21:31","guid":{"rendered":"https:\/\/dev.vitalcea.store\/?page_id=432"},"modified":"2021-10-27T15:28:24","modified_gmt":"2021-10-27T15:28:24","slug":"polityka-plikow-cookies","status":"publish","type":"page","link":"https:\/\/vitalcea.store\/pl\/polityka-plikow-cookies\/","title":{"rendered":"Polityka plik\u00f3w cookies"},"content":{"rendered":"\t\t<div data-elementor-type=\"wp-page\" data-elementor-id=\"432\" class=\"elementor elementor-432\">\n\t\t\t\t\t\t\t\t\t<section class=\"elementor-section elementor-top-section elementor-element elementor-element-256fdaf2 elementor-section-height-min-height elementor-section-boxed elementor-section-height-default elementor-section-items-middle\" data-id=\"256fdaf2\" data-element_type=\"section\" data-settings=\"{&quot;background_background&quot;:&quot;classic&quot;}\">\n\t\t\t\t\t\t<div class=\"elementor-container elementor-column-gap-default\">\n\t\t\t\t\t<div class=\"elementor-column elementor-col-100 elementor-top-column elementor-element elementor-element-1b56f73a\" data-id=\"1b56f73a\" data-element_type=\"column\">\n\t\t\t<div class=\"elementor-widget-wrap\">\n\t\t\t\t\t\t\t\t\t<\/div>\n\t\t<\/div>\n\t\t\t\t\t\t\t<\/div>\n\t\t<\/section>\n\t\t\t\t<section class=\"elementor-section elementor-top-section elementor-element elementor-element-7ae92e02 elementor-section-boxed elementor-section-height-default elementor-section-height-default\" data-id=\"7ae92e02\" data-element_type=\"section\">\n\t\t\t\t\t\t<div class=\"elementor-container elementor-column-gap-default\">\n\t\t\t\t\t<div class=\"elementor-column elementor-col-100 elementor-top-column elementor-element elementor-element-1961d148\" data-id=\"1961d148\" data-element_type=\"column\">\n\t\t\t<div class=\"elementor-widget-wrap elementor-element-populated\">\n\t\t\t\t\t\t\t\t<div class=\"elementor-element elementor-element-7af741c9 elementor-widget elementor-widget-image\" data-id=\"7af741c9\" data-element_type=\"widget\" data-widget_type=\"image.default\">\n\t\t\t\t<div class=\"elementor-widget-container\">\n\t\t\t\t\t\t\t\t\t\t\t\t\t\t\t<img decoding=\"async\" width=\"88\" height=\"14\" src=\"https:\/\/vitalcea.store\/wp-content\/uploads\/2021\/10\/vitalcea-decor.png\" class=\"attachment-full size-full wp-image-1973\" alt=\"\" loading=\"lazy\" \/>\t\t\t\t\t\t\t\t\t\t\t\t\t\t\t<\/div>\n\t\t\t\t<\/div>\n\t\t\t\t<div class=\"elementor-element elementor-element-216c2772 elementor-widget elementor-widget-heading\" data-id=\"216c2772\" data-element_type=\"widget\" data-widget_type=\"heading.default\">\n\t\t\t\t<div class=\"elementor-widget-container\">\n\t\t\t<h2 class=\"elementor-heading-title elementor-size-default\">POLITYKA PLIK\u00d3W COOKIES<\/h2>\t\t<\/div>\n\t\t\t\t<\/div>\n\t\t\t\t\t<\/div>\n\t\t<\/div>\n\t\t\t\t\t\t\t<\/div>\n\t\t<\/section>\n\t\t\t\t<section class=\"elementor-section elementor-top-section elementor-element elementor-element-563869dd elementor-section-boxed elementor-section-height-default elementor-section-height-default\" data-id=\"563869dd\" data-element_type=\"section\">\n\t\t\t\t\t\t<div class=\"elementor-container elementor-column-gap-default\">\n\t\t\t\t\t<div class=\"elementor-column elementor-col-100 elementor-top-column elementor-element elementor-element-357be309\" data-id=\"357be309\" data-element_type=\"column\">\n\t\t\t<div class=\"elementor-widget-wrap elementor-element-populated\">\n\t\t\t\t\t\t\t\t<div class=\"elementor-element elementor-element-5ab7de0a elementor-widget elementor-widget-text-editor\" data-id=\"5ab7de0a\" data-element_type=\"widget\" data-widget_type=\"text-editor.default\">\n\t\t\t\t<div class=\"elementor-widget-container\">\n\t\t\t\t\t\t\t<ol>\n \t<li>Ta strona korzysta z plik\u00f3w cookies w celu realizacji us\u0142ugi, zgodnie z Polityk\u0105 plik\u00f3w cookies. Informacje zarejestrowane w plikach cookies wykorzystywane s\u0105 m.in. do cel\u00f3w reklamowych i statystycznych. Pomaga tak\u017ce dostosowa\u0107 Serwis do indywidualnych preferencji U\u017cytkownika.<\/li>\n \t<li>Poza danymi zawartymi w plikach cookies Serwis nie zbiera w spos\u00f3b automatyczny \u017cadnych innych informacji.<\/li>\n \t<li>Pliki cookies wykorzystywane s\u0105 w nast\u0119puj\u0105cych celach:\n<ol style=\"list-style-type: lower-latin;\">\n \t<li>Dostosowania zawarto\u015bci Serwisu do indywidualnych preferencji U\u017cytkownika oraz optymalizacji korzystania ze stron internetowych. Pliki cookies pozwalaj\u0105 rozpozna\u0107 urz\u0105dzenie U\u017cytkownika Serwisu i odpowiednio wy\u015bwietli\u0107 stron\u0119 internetow\u0105, dostosowan\u0105 do jego potrzeb;<\/li>\n \t<li>Tworzenia statystyk, kt\u00f3re pomagaj\u0105 zrozumie\u0107, w jaki spos\u00f3b u\u017cytkownicy Serwisu korzystaj\u0105 ze stron internetowych; Pomaga to ulepszy\u0107 struktur\u0119 i zawarto\u015b\u0107 witryny;<\/li>\n \t<li>Utrzymania sesji U\u017cytkownika Serwisu (po zalogowaniu). Dzi\u0119ki temu U\u017cytkownik nie musi na ka\u017cdej podstronie wpisywa\u0107 loginu i has\u0142a;<\/li>\n \t<li>Dostarczania U\u017cytkownikom tre\u015bci reklamowych dostosowanych do ich potrzeb.<\/li>\n<\/ol>\n<\/li>\n \t<li>W Serwisie stosowane s\u0105 nast\u0119puj\u0105ce rodzaje plik\u00f3w cookies:\n<ol style=\"list-style-type: lower-latin;\">\n \t<li>Pliki cookies, umo\u017cliwiaj\u0105ce korzystanie z us\u0142ug dost\u0119pnych w ramach Serwisu;<\/li>\n \t<li>Pliki cookies zapewniaj\u0105ce bezpiecze\u0144stwo;<\/li>\n \t<li>Pliki cookies, umo\u017cliwiaj\u0105ce zbieranie informacji o sposobie korzystania z Serwisu;<\/li>\n \t<li>Funkcjonalne pliki cookies, umo\u017cliwiaj\u0105ce zapami\u0119tanie wybranych przez U\u017cytkownika ustawie\u0144, np. j\u0119zyk, rozmiar czcionki itp .;<\/li>\n \t<li>Cookies reklamowe, umo\u017cliwiaj\u0105ce dostarczanie u\u017cytkownikom tre\u015bci reklamowych dostosowanych do ich indywidualnych zainteresowa\u0144.<\/li>\n<\/ol>\n \t<li>Je\u017celi korzystasz z Serwisu bez zmiany ustawie\u0144 przegl\u0105darki dotycz\u0105cych cookies, b\u0119d\u0105 one zapisywane w Twoim urz\u0105dzeniu. Mo\u017cesz w ka\u017cdej chwili zmieni\u0107 ustawienia dotycz\u0105ce plik\u00f3w cookies w swojej przegl\u0105darce. Ustawienia te mog\u0105 zosta\u0107 zmienione w taki spos\u00f3b, aby albo blokowa\u0107 automatyczne w\u0142\u0105czanie plik\u00f3w cookies w ustawieniach przegl\u0105darki albo ka\u017cdorazowo informowa\u0107 Ci\u0119 o zapisywaniu plik\u00f3w cookies na Twoim urz\u0105dzeniu. Szczeg\u00f3\u0142owe informacje o mo\u017cliwo\u015bci i sposobach obs\u0142ugi plik\u00f3w cookies dost\u0119pne s\u0105 w ustawieniach oprogramowania (przegl\u0105darki internetowej).<\/li>\n \t<li>Wy\u0142\u0105czenie plik\u00f3w cookies mo\u017ce wp\u0142yn\u0105\u0107 na niekt\u00f3re funkcjonalno\u015bci dost\u0119pne na stronach internetowych Serwisu.<\/li>\n \t<li>Pliki cookies zamieszczane w urz\u0105dzeniu ko\u0144cowym U\u017cytkownika Serwisu mog\u0105 by\u0107 w\u00f3wczas wykorzystane przez wsp\u00f3\u0142pracuj\u0105cych z Serwisem reklamodawc\u00f3w i partner\u00f3w.<\/li>\n<\/ol>\t\t\t\t\t\t<\/div>\n\t\t\t\t<\/div>\n\t\t\t\t\t<\/div>\n\t\t<\/div>\n\t\t\t\t\t\t\t<\/div>\n\t\t<\/section>\n\t\t\t\t<section class=\"elementor-section elementor-top-section elementor-element elementor-element-1de28624 elementor-section-boxed elementor-section-height-default elementor-section-height-default\" data-id=\"1de28624\" data-element_type=\"section\">\n\t\t\t\t\t\t<div class=\"elementor-container elementor-column-gap-default\">\n\t\t\t\t\t<div class=\"elementor-column elementor-col-100 elementor-top-column elementor-element elementor-element-4a9704bc\" data-id=\"4a9704bc\" data-element_type=\"column\">\n\t\t\t<div class=\"elementor-widget-wrap elementor-element-populated\">\n\t\t\t\t\t\t\t\t<div class=\"elementor-element elementor-element-2586cd1c elementor-widget elementor-widget-spacer\" data-id=\"2586cd1c\" data-element_type=\"widget\" data-widget_type=\"spacer.default\">\n\t\t\t\t<div class=\"elementor-widget-container\">\n\t\t\t\t\t<div class=\"elementor-spacer\">\n\t\t\t<div class=\"elementor-spacer-inner\"><\/div>\n\t\t<\/div>\n\t\t\t\t<\/div>\n\t\t\t\t<\/div>\n\t\t\t\t\t<\/div>\n\t\t<\/div>\n\t\t\t\t\t\t\t<\/div>\n\t\t<\/section>\n\t\t\t\t\t\t\t<\/div>\n\t\t","protected":false},"excerpt":{"rendered":"<p>POLITYKA PLIK\u00d3W COOKIES Ta strona korzysta z plik\u00f3w cookies w celu realizacji us\u0142ugi, zgodnie z Polityk\u0105 plik\u00f3w cookies. Informacje zarejestrowane w plikach cookies wykorzystywane s\u0105 m.in. do cel\u00f3w reklamowych i statystycznych. Pomaga tak\u017ce dostosowa\u0107 Serwis do indywidualnych preferencji U\u017cytkownika. Poza danymi zawartymi w plikach cookies Serwis nie zbiera w spos\u00f3b automatyczny \u017cadnych innych informacji. Pliki &hellip;<\/p>\n<p class=\"read-more\"> <a class=\"\" href=\"https:\/\/vitalcea.store\/pl\/polityka-plikow-cookies\/\"> <span class=\"screen-reader-text\">Polityka plik\u00f3w cookies<\/span> Read More &raquo;<\/a><\/p>\n","protected":false},"author":1,"featured_media":0,"parent":0,"menu_order":0,"comment_status":"closed","ping_status":"closed","template":"","meta":{"site-sidebar-layout":"no-sidebar","site-content-layout":"page-builder","ast-global-header-display":"","ast-main-header-display":"","ast-hfb-above-header-display":"","ast-hfb-below-header-display":"","ast-hfb-mobile-header-display":"","site-post-title":"disabled","ast-breadcrumbs-content":"","ast-featured-img":"disabled","footer-sml-layout":"","theme-transparent-header-meta":"default","adv-header-id-meta":"","stick-header-meta":"","header-above-stick-meta":"","header-main-stick-meta":"","header-below-stick-meta":""},"yoast_head":"<!-- This site is optimized with the Yoast SEO plugin v20.3 - https:\/\/yoast.com\/wordpress\/plugins\/seo\/ -->\n<title>Polityka plik\u00f3w cookies - Vitalcea<\/title>\n<meta name=\"robots\" content=\"index, follow, max-snippet:-1, max-image-preview:large, max-video-preview:-1\" \/>\n<link rel=\"canonical\" href=\"https:\/\/vitalcea.store\/pl\/polityka-plikow-cookies\/\" \/>\n<meta property=\"og:locale\" content=\"pl_PL\" \/>\n<meta property=\"og:type\" content=\"article\" \/>\n<meta property=\"og:title\" content=\"Polityka plik\u00f3w cookies - Vitalcea\" \/>\n<meta property=\"og:description\" content=\"POLITYKA PLIK\u00d3W COOKIES Ta strona korzysta z plik\u00f3w cookies w celu realizacji us\u0142ugi, zgodnie z Polityk\u0105 plik\u00f3w cookies. Informacje zarejestrowane w plikach cookies wykorzystywane s\u0105 m.in. do cel\u00f3w reklamowych i statystycznych. Pomaga tak\u017ce dostosowa\u0107 Serwis do indywidualnych preferencji U\u017cytkownika. Poza danymi zawartymi w plikach cookies Serwis nie zbiera w spos\u00f3b automatyczny \u017cadnych innych informacji. Pliki &hellip; Polityka plik\u00f3w cookies Read More &raquo;\" \/>\n<meta property=\"og:url\" content=\"https:\/\/vitalcea.store\/pl\/polityka-plikow-cookies\/\" \/>\n<meta property=\"og:site_name\" content=\"Vitalcea\" \/>\n<meta property=\"article:modified_time\" content=\"2021-10-27T15:28:24+00:00\" \/>\n<meta property=\"og:image\" content=\"https:\/\/dev.vitalcea.store\/wp-content\/uploads\/2021\/10\/vitalcea-decor.png\" \/>\n<meta name=\"twitter:card\" content=\"summary_large_image\" \/>\n<meta name=\"twitter:label1\" content=\"Szacowany czas czytania\" \/>\n\t<meta name=\"twitter:data1\" content=\"2 minuty\" \/>\n<script type=\"application\/ld+json\" class=\"yoast-schema-graph\">{\"@context\":\"https:\/\/schema.org\",\"@graph\":[{\"@type\":\"WebPage\",\"@id\":\"https:\/\/vitalcea.store\/pl\/polityka-plikow-cookies\/\",\"url\":\"https:\/\/vitalcea.store\/pl\/polityka-plikow-cookies\/\",\"name\":\"Polityka plik\u00f3w cookies - Vitalcea\",\"isPartOf\":{\"@id\":\"https:\/\/vitalcea.store\/pl\/#website\"},\"datePublished\":\"2021-10-14T08:21:31+00:00\",\"dateModified\":\"2021-10-27T15:28:24+00:00\",\"breadcrumb\":{\"@id\":\"https:\/\/vitalcea.store\/pl\/polityka-plikow-cookies\/#breadcrumb\"},\"inLanguage\":\"pl-PL\",\"potentialAction\":[{\"@type\":\"ReadAction\",\"target\":[\"https:\/\/vitalcea.store\/pl\/polityka-plikow-cookies\/\"]}]},{\"@type\":\"BreadcrumbList\",\"@id\":\"https:\/\/vitalcea.store\/pl\/polityka-plikow-cookies\/#breadcrumb\",\"itemListElement\":[{\"@type\":\"ListItem\",\"position\":1,\"name\":\"Home\",\"item\":\"https:\/\/vitalcea.store\/pl\/\"},{\"@type\":\"ListItem\",\"position\":2,\"name\":\"Polityka plik\u00f3w cookies\"}]},{\"@type\":\"WebSite\",\"@id\":\"https:\/\/vitalcea.store\/pl\/#website\",\"url\":\"https:\/\/vitalcea.store\/pl\/\",\"name\":\"Vitalcea\",\"description\":\"\",\"publisher\":{\"@id\":\"https:\/\/vitalcea.store\/pl\/#organization\"},\"potentialAction\":[{\"@type\":\"SearchAction\",\"target\":{\"@type\":\"EntryPoint\",\"urlTemplate\":\"https:\/\/vitalcea.store\/pl\/?s={search_term_string}\"},\"query-input\":\"required name=search_term_string\"}],\"inLanguage\":\"pl-PL\"},{\"@type\":\"Organization\",\"@id\":\"https:\/\/vitalcea.store\/pl\/#organization\",\"name\":\"Vitalcea\",\"url\":\"https:\/\/vitalcea.store\/pl\/\",\"logo\":{\"@type\":\"ImageObject\",\"inLanguage\":\"pl-PL\",\"@id\":\"https:\/\/vitalcea.store\/pl\/#\/schema\/logo\/image\/\",\"url\":\"https:\/\/vitalcea.store\/wp-content\/uploads\/2021\/11\/vitalcea-logo-190n-1.png\",\"contentUrl\":\"https:\/\/vitalcea.store\/wp-content\/uploads\/2021\/11\/vitalcea-logo-190n-1.png\",\"width\":190,\"height\":42,\"caption\":\"Vitalcea\"},\"image\":{\"@id\":\"https:\/\/vitalcea.store\/pl\/#\/schema\/logo\/image\/\"}}]}<\/script>\n<!-- \/ Yoast SEO plugin. -->","yoast_head_json":{"title":"Polityka plik\u00f3w cookies - Vitalcea","robots":{"index":"index","follow":"follow","max-snippet":"max-snippet:-1","max-image-preview":"max-image-preview:large","max-video-preview":"max-video-preview:-1"},"canonical":"https:\/\/vitalcea.store\/pl\/polityka-plikow-cookies\/","og_locale":"pl_PL","og_type":"article","og_title":"Polityka plik\u00f3w cookies - Vitalcea","og_description":"POLITYKA PLIK\u00d3W COOKIES Ta strona korzysta z plik\u00f3w cookies w celu realizacji us\u0142ugi, zgodnie z Polityk\u0105 plik\u00f3w cookies. Informacje zarejestrowane w plikach cookies wykorzystywane s\u0105 m.in. do cel\u00f3w reklamowych i statystycznych. Pomaga tak\u017ce dostosowa\u0107 Serwis do indywidualnych preferencji U\u017cytkownika. Poza danymi zawartymi w plikach cookies Serwis nie zbiera w spos\u00f3b automatyczny \u017cadnych innych informacji. Pliki &hellip; Polityka plik\u00f3w cookies Read More &raquo;","og_url":"https:\/\/vitalcea.store\/pl\/polityka-plikow-cookies\/","og_site_name":"Vitalcea","article_modified_time":"2021-10-27T15:28:24+00:00","og_image":[{"url":"https:\/\/dev.vitalcea.store\/wp-content\/uploads\/2021\/10\/vitalcea-decor.png"}],"twitter_card":"summary_large_image","twitter_misc":{"Szacowany czas czytania":"2 minuty"},"schema":{"@context":"https:\/\/schema.org","@graph":[{"@type":"WebPage","@id":"https:\/\/vitalcea.store\/pl\/polityka-plikow-cookies\/","url":"https:\/\/vitalcea.store\/pl\/polityka-plikow-cookies\/","name":"Polityka plik\u00f3w cookies - Vitalcea","isPartOf":{"@id":"https:\/\/vitalcea.store\/pl\/#website"},"datePublished":"2021-10-14T08:21:31+00:00","dateModified":"2021-10-27T15:28:24+00:00","breadcrumb":{"@id":"https:\/\/vitalcea.store\/pl\/polityka-plikow-cookies\/#breadcrumb"},"inLanguage":"pl-PL","potentialAction":[{"@type":"ReadAction","target":["https:\/\/vitalcea.store\/pl\/polityka-plikow-cookies\/"]}]},{"@type":"BreadcrumbList","@id":"https:\/\/vitalcea.store\/pl\/polityka-plikow-cookies\/#breadcrumb","itemListElement":[{"@type":"ListItem","position":1,"name":"Home","item":"https:\/\/vitalcea.store\/pl\/"},{"@type":"ListItem","position":2,"name":"Polityka plik\u00f3w cookies"}]},{"@type":"WebSite","@id":"https:\/\/vitalcea.store\/pl\/#website","url":"https:\/\/vitalcea.store\/pl\/","name":"Vitalcea","description":"","publisher":{"@id":"https:\/\/vitalcea.store\/pl\/#organization"},"potentialAction":[{"@type":"SearchAction","target":{"@type":"EntryPoint","urlTemplate":"https:\/\/vitalcea.store\/pl\/?s={search_term_string}"},"query-input":"required name=search_term_string"}],"inLanguage":"pl-PL"},{"@type":"Organization","@id":"https:\/\/vitalcea.store\/pl\/#organization","name":"Vitalcea","url":"https:\/\/vitalcea.store\/pl\/","logo":{"@type":"ImageObject","inLanguage":"pl-PL","@id":"https:\/\/vitalcea.store\/pl\/#\/schema\/logo\/image\/","url":"https:\/\/vitalcea.store\/wp-content\/uploads\/2021\/11\/vitalcea-logo-190n-1.png","contentUrl":"https:\/\/vitalcea.store\/wp-content\/uploads\/2021\/11\/vitalcea-logo-190n-1.png","width":190,"height":42,"caption":"Vitalcea"},"image":{"@id":"https:\/\/vitalcea.store\/pl\/#\/schema\/logo\/image\/"}}]}},"_links":{"self":[{"href":"https:\/\/vitalcea.store\/pl\/wp-json\/wp\/v2\/pages\/432"}],"collection":[{"href":"https:\/\/vitalcea.store\/pl\/wp-json\/wp\/v2\/pages"}],"about":[{"href":"https:\/\/vitalcea.store\/pl\/wp-json\/wp\/v2\/types\/page"}],"author":[{"embeddable":true,"href":"https:\/\/vitalcea.store\/pl\/wp-json\/wp\/v2\/users\/1"}],"replies":[{"embeddable":true,"href":"https:\/\/vitalcea.store\/pl\/wp-json\/wp\/v2\/comments?post=432"}],"version-history":[{"count":18,"href":"https:\/\/vitalcea.store\/pl\/wp-json\/wp\/v2\/pages\/432\/revisions"}],"predecessor-version":[{"id":4562,"href":"https:\/\/vitalcea.store\/pl\/wp-json\/wp\/v2\/pages\/432\/revisions\/4562"}],"wp:attachment":[{"href":"https:\/\/vitalcea.store\/pl\/wp-json\/wp\/v2\/media?parent=432"}],"curies":[{"name":"wp","href":"https:\/\/api.w.org\/{rel}","templated":true}]}}