{"id":14,"date":"2021-10-06T14:59:00","date_gmt":"2021-10-06T14:59:00","guid":{"rendered":"https:\/\/dev.vitalcea.store\/?page_id=14"},"modified":"2021-12-03T14:59:51","modified_gmt":"2021-12-03T14:59:51","slug":"kontakt","status":"publish","type":"page","link":"https:\/\/vitalcea.store\/pl\/kontakt\/","title":{"rendered":"Kontakt"},"content":{"rendered":"\t\t<div data-elementor-type=\"wp-page\" data-elementor-id=\"14\" class=\"elementor elementor-14\">\n\t\t\t\t\t\t\t\t\t<section class=\"elementor-section elementor-top-section elementor-element elementor-element-1b11cb1f elementor-section-height-min-height elementor-section-boxed elementor-section-height-default elementor-section-items-middle\" data-id=\"1b11cb1f\" data-element_type=\"section\" data-settings=\"{&quot;background_background&quot;:&quot;classic&quot;}\">\n\t\t\t\t\t\t<div class=\"elementor-container elementor-column-gap-default\">\n\t\t\t\t\t<div class=\"elementor-column elementor-col-100 elementor-top-column elementor-element elementor-element-34a07bdf\" data-id=\"34a07bdf\" data-element_type=\"column\">\n\t\t\t<div class=\"elementor-widget-wrap\">\n\t\t\t\t\t\t\t\t\t<\/div>\n\t\t<\/div>\n\t\t\t\t\t\t\t<\/div>\n\t\t<\/section>\n\t\t\t\t<section class=\"elementor-section elementor-top-section elementor-element elementor-element-46a774f elementor-section-boxed elementor-section-height-default elementor-section-height-default\" data-id=\"46a774f\" data-element_type=\"section\">\n\t\t\t\t\t\t<div class=\"elementor-container elementor-column-gap-default\">\n\t\t\t\t\t<div class=\"elementor-column elementor-col-100 elementor-top-column elementor-element elementor-element-136af16a\" data-id=\"136af16a\" data-element_type=\"column\">\n\t\t\t<div class=\"elementor-widget-wrap elementor-element-populated\">\n\t\t\t\t\t\t\t\t<div class=\"elementor-element elementor-element-6dd3d7e8 elementor-widget elementor-widget-image\" data-id=\"6dd3d7e8\" data-element_type=\"widget\" data-widget_type=\"image.default\">\n\t\t\t\t<div class=\"elementor-widget-container\">\n\t\t\t\t\t\t\t\t\t\t\t\t\t\t\t<img decoding=\"async\" width=\"88\" height=\"14\" src=\"https:\/\/vitalcea.store\/wp-content\/uploads\/2021\/10\/vitalcea-decor.png\" class=\"attachment-full size-full wp-image-1973\" alt=\"\" loading=\"lazy\" \/>\t\t\t\t\t\t\t\t\t\t\t\t\t\t\t<\/div>\n\t\t\t\t<\/div>\n\t\t\t\t<div class=\"elementor-element elementor-element-183b2d43 elementor-widget elementor-widget-heading\" data-id=\"183b2d43\" data-element_type=\"widget\" data-widget_type=\"heading.default\">\n\t\t\t\t<div class=\"elementor-widget-container\">\n\t\t\t<h2 class=\"elementor-heading-title elementor-size-default\">POZOSTA\u0143MY W KONTAKCIE<\/h2>\t\t<\/div>\n\t\t\t\t<\/div>\n\t\t\t\t\t<\/div>\n\t\t<\/div>\n\t\t\t\t\t\t\t<\/div>\n\t\t<\/section>\n\t\t\t\t<section class=\"elementor-section elementor-top-section elementor-element elementor-element-7c711e08 elementor-section-boxed elementor-section-height-default elementor-section-height-default\" data-id=\"7c711e08\" data-element_type=\"section\">\n\t\t\t\t\t\t<div class=\"elementor-container elementor-column-gap-default\">\n\t\t\t\t\t<div class=\"elementor-column elementor-col-50 elementor-top-column elementor-element elementor-element-32802b2\" data-id=\"32802b2\" data-element_type=\"column\">\n\t\t\t<div class=\"elementor-widget-wrap elementor-element-populated\">\n\t\t\t\t\t\t\t\t<div class=\"elementor-element elementor-element-9e06d17 elementor-widget elementor-widget-image\" data-id=\"9e06d17\" data-element_type=\"widget\" data-widget_type=\"image.default\">\n\t\t\t\t<div class=\"elementor-widget-container\">\n\t\t\t\t\t\t\t\t\t\t\t\t\t\t\t<img decoding=\"async\" width=\"563\" height=\"563\" src=\"https:\/\/vitalcea.store\/wp-content\/uploads\/2021\/10\/kontakt.png\" class=\"attachment-full size-full wp-image-640\" alt=\"\" loading=\"lazy\" srcset=\"https:\/\/vitalcea.store\/wp-content\/uploads\/2021\/10\/kontakt.png 563w, https:\/\/vitalcea.store\/wp-content\/uploads\/2021\/10\/kontakt-300x300.png 300w, https:\/\/vitalcea.store\/wp-content\/uploads\/2021\/10\/kontakt-150x150.png 150w\" sizes=\"(max-width: 563px) 100vw, 563px\" \/>\t\t\t\t\t\t\t\t\t\t\t\t\t\t\t<\/div>\n\t\t\t\t<\/div>\n\t\t\t\t\t<\/div>\n\t\t<\/div>\n\t\t\t\t<div class=\"elementor-column elementor-col-50 elementor-top-column elementor-element elementor-element-be77533\" data-id=\"be77533\" data-element_type=\"column\">\n\t\t\t<div class=\"elementor-widget-wrap elementor-element-populated\">\n\t\t\t\t\t\t\t\t<div class=\"elementor-element elementor-element-b3eb547 elementor-widget elementor-widget-heading\" data-id=\"b3eb547\" data-element_type=\"widget\" data-widget_type=\"heading.default\">\n\t\t\t\t<div class=\"elementor-widget-container\">\n\t\t\t<h3 class=\"elementor-heading-title elementor-size-default\">Witamy w Vitalcea.  <\/h3>\t\t<\/div>\n\t\t\t\t<\/div>\n\t\t\t\t<div class=\"elementor-element elementor-element-799500fd elementor-widget elementor-widget-text-editor\" data-id=\"799500fd\" data-element_type=\"widget\" data-widget_type=\"text-editor.default\">\n\t\t\t\t<div class=\"elementor-widget-container\">\n\t\t\t\t\t\t\tMamy nadziej\u0119, \u017ce nasze suplementy diety skutecznie pomagaj\u0105 i wspieraj\u0105 Tw\u00f3j organizm w walce z dolegliwo\u015bciami. \t\t\t\t\t\t<\/div>\n\t\t\t\t<\/div>\n\t\t\t\t<div class=\"elementor-element elementor-element-34d331e elementor-widget elementor-widget-text-editor\" data-id=\"34d331e\" data-element_type=\"widget\" data-widget_type=\"text-editor.default\">\n\t\t\t\t<div class=\"elementor-widget-container\">\n\t\t\t\t\t\t\tJe\u015bli chcesz dowiedzie\u0107 si\u0119 czego\u015b wi\u0119cej o sk\u0142adnikach, podzieli\u0107 si\u0119 swoimi wra\u017ceniami, masz dowolne pytania lub w\u0105tpliwo\u015bci &#8211; gor\u0105co zach\u0119camy do kontaktu z Dzia\u0142em Obs\u0142ugi Klienta. Wierzymy, \u017ce dzi\u0119ki konkretnym uwagom \u015bwiadomych konsument\u00f3w, mo\u017cemy si\u0119 rozwija\u0107, by dostarcza\u0107 jak najlepsze rozwi\u0105zania dla Twojego zdrowia.\t\t\t\t\t\t<\/div>\n\t\t\t\t<\/div>\n\t\t\t\t<div class=\"elementor-element elementor-element-f914624 elementor-widget elementor-widget-text-editor\" data-id=\"f914624\" data-element_type=\"widget\" data-widget_type=\"text-editor.default\">\n\t\t\t\t<div class=\"elementor-widget-container\">\n\t\t\t\t\t\t\tDzi\u0119kujemy za uwag\u0119 i \u017cyczymy wielu sukces\u00f3w, osobistych, zawodowych i zdrowotnych!  \t\t\t\t\t\t<\/div>\n\t\t\t\t<\/div>\n\t\t\t\t<div class=\"elementor-element elementor-element-428e31e elementor-widget elementor-widget-text-editor\" data-id=\"428e31e\" data-element_type=\"widget\" data-widget_type=\"text-editor.default\">\n\t\t\t\t<div class=\"elementor-widget-container\">\n\t\t\t\t\t\t\tG\u0142\u00f3wny Technolog Zespo\u0142u Vitalcea\t\t\t\t\t\t<\/div>\n\t\t\t\t<\/div>\n\t\t\t\t\t<\/div>\n\t\t<\/div>\n\t\t\t\t\t\t\t<\/div>\n\t\t<\/section>\n\t\t\t\t<section class=\"elementor-section elementor-top-section elementor-element elementor-element-2f65481 elementor-section-boxed elementor-section-height-default elementor-section-height-default\" data-id=\"2f65481\" data-element_type=\"section\">\n\t\t\t\t\t\t<div class=\"elementor-container elementor-column-gap-default\">\n\t\t\t\t\t<div class=\"elementor-column elementor-col-100 elementor-top-column elementor-element elementor-element-640098c\" data-id=\"640098c\" data-element_type=\"column\">\n\t\t\t<div class=\"elementor-widget-wrap elementor-element-populated\">\n\t\t\t\t\t\t\t\t<div class=\"elementor-element elementor-element-fdf3eee elementor-widget elementor-widget-heading\" data-id=\"fdf3eee\" data-element_type=\"widget\" data-widget_type=\"heading.default\">\n\t\t\t\t<div class=\"elementor-widget-container\">\n\t\t\t<h2 class=\"elementor-heading-title elementor-size-default\">NAPISZ DO NAS<\/h2>\t\t<\/div>\n\t\t\t\t<\/div>\n\t\t\t\t<div class=\"elementor-element elementor-element-25f8a87e elementor-widget elementor-widget-text-editor\" data-id=\"25f8a87e\" data-element_type=\"widget\" data-widget_type=\"text-editor.default\">\n\t\t\t\t<div class=\"elementor-widget-container\">\n\t\t\t\t\t\t\tWype\u0142nij poni\u017cszy formularz, aby skontaktowa\u0107 si\u0119 z nami szybko i wygodnie.\t\t\t\t\t\t<\/div>\n\t\t\t\t<\/div>\n\t\t\t\t\t<\/div>\n\t\t<\/div>\n\t\t\t\t\t\t\t<\/div>\n\t\t<\/section>\n\t\t\t\t<section class=\"elementor-section elementor-top-section elementor-element elementor-element-302819b elementor-section-boxed elementor-section-height-default elementor-section-height-default\" data-id=\"302819b\" data-element_type=\"section\">\n\t\t\t\t\t\t<div class=\"elementor-container elementor-column-gap-default\">\n\t\t\t\t\t<div class=\"elementor-column elementor-col-100 elementor-top-column elementor-element elementor-element-0db4ec3\" data-id=\"0db4ec3\" data-element_type=\"column\">\n\t\t\t<div class=\"elementor-widget-wrap elementor-element-populated\">\n\t\t\t\t\t\t\t\t<div class=\"elementor-element elementor-element-75ed433 elementor-button-align-start elementor-widget elementor-widget-form\" data-id=\"75ed433\" data-element_type=\"widget\" data-settings=\"{&quot;step_next_label&quot;:&quot;Next&quot;,&quot;step_previous_label&quot;:&quot;Previous&quot;,&quot;button_width&quot;:&quot;100&quot;,&quot;step_type&quot;:&quot;number_text&quot;,&quot;step_icon_shape&quot;:&quot;circle&quot;}\" data-widget_type=\"form.default\">\n\t\t\t\t<div class=\"elementor-widget-container\">\n\t\t\t\t\t<form class=\"elementor-form\" method=\"post\" id=\"contact\" name=\"New Form\">\n\t\t\t<input type=\"hidden\" name=\"post_id\" value=\"14\"\/>\n\t\t\t<input type=\"hidden\" name=\"form_id\" value=\"75ed433\"\/>\n\t\t\t<input type=\"hidden\" name=\"referer_title\" value=\"Vitalcea\" \/>\n\n\t\t\t\n\t\t\t<div class=\"elementor-form-fields-wrapper elementor-labels-above\">\n\t\t\t\t\t\t\t\t<div class=\"elementor-field-type-text elementor-field-group elementor-column elementor-field-group-name elementor-col-100 elementor-field-required\">\n\t\t\t\t\t\t\t\t\t\t\t\t\t<input size=\"1\" type=\"text\" name=\"form_fields[name]\" id=\"form-field-name\" class=\"elementor-field elementor-size-sm  elementor-field-textual\" placeholder=\"Imi\u0119\" required=\"required\" aria-required=\"true\">\n\t\t\t\t\t\t\t\t\t\t\t<\/div>\n\t\t\t\t\t\t\t\t<div class=\"elementor-field-type-text elementor-field-group elementor-column elementor-field-group-topic elementor-col-100 elementor-field-required\">\n\t\t\t\t\t\t\t\t\t\t\t\t\t<input size=\"1\" type=\"text\" name=\"form_fields[topic]\" id=\"form-field-topic\" class=\"elementor-field elementor-size-sm  elementor-field-textual\" placeholder=\"Temat\" required=\"required\" aria-required=\"true\">\n\t\t\t\t\t\t\t\t\t\t\t<\/div>\n\t\t\t\t\t\t\t\t<div class=\"elementor-field-type-email elementor-field-group elementor-column elementor-field-group-email elementor-col-100 elementor-field-required\">\n\t\t\t\t\t\t\t\t\t\t\t\t\t<input size=\"1\" type=\"email\" name=\"form_fields[email]\" id=\"form-field-email\" class=\"elementor-field elementor-size-sm  elementor-field-textual\" placeholder=\"Email\" required=\"required\" aria-required=\"true\">\n\t\t\t\t\t\t\t\t\t\t\t<\/div>\n\t\t\t\t\t\t\t\t<div class=\"elementor-field-type-tel elementor-field-group elementor-column elementor-field-group-tel elementor-col-100 elementor-field-required\">\n\t\t\t\t\t\t\t<input size=\"1\" type=\"tel\" name=\"form_fields[tel]\" id=\"form-field-tel\" class=\"elementor-field elementor-size-sm  elementor-field-textual\" placeholder=\"Numer telefonu\" required=\"required\" aria-required=\"true\" pattern=\"[0-9()#&amp;+*-=.]+\" title=\"Akceptowane s\u0105 jedynie cyfry i znaki telefoniczne (#,-,*).\">\n\n\t\t\t\t\t\t<\/div>\n\t\t\t\t\t\t\t\t<div class=\"elementor-field-type-textarea elementor-field-group elementor-column elementor-field-group-message elementor-col-100 elementor-field-required\">\n\t\t\t\t\t<textarea class=\"elementor-field-textual elementor-field  elementor-size-sm\" name=\"form_fields[message]\" id=\"form-field-message\" rows=\"4\" placeholder=\"Wiadomo\u015b\u0107\" required=\"required\" aria-required=\"true\"><\/textarea>\t\t\t\t<\/div>\n\t\t\t\t\t\t\t\t<div class=\"elementor-field-type-acceptance elementor-field-group elementor-column elementor-field-group-confirm elementor-col-100 elementor-field-required\">\n\t\t\t\t\t\t\t<div class=\"elementor-field-subgroup\">\n\t\t\t<span class=\"elementor-field-option\">\n\t\t\t\t<input type=\"checkbox\" name=\"form_fields[confirm]\" id=\"form-field-confirm\" class=\"elementor-field elementor-size-sm  elementor-acceptance-field\" required=\"required\" aria-required=\"true\">\n\t\t\t\t<label for=\"form-field-confirm\"><span class=\"confirm\">&nbsp; Korzystaj\u0105c z formularza zgadzasz si\u0119 na przechowywanie i przetwarzanie twoich danych przez t\u0119 witryn\u0119.<\/span><\/label>\t\t\t<\/span>\n\t\t<\/div>\n\t\t\t\t\t\t<\/div>\n\t\t\t\t\t\t\t\t<div class=\"elementor-field-group elementor-column elementor-field-type-submit elementor-col-100 e-form__buttons\">\n\t\t\t\t\t<button type=\"submit\" class=\"elementor-button elementor-size-sm\" id=\"send\">\n\t\t\t\t\t\t<span >\n\t\t\t\t\t\t\t\t\t\t\t\t\t\t\t<span class=\" elementor-button-icon\">\n\t\t\t\t\t\t\t\t\t\t\t\t\t\t\t\t\t\t\t\t\t\t\t\t\t\t<\/span>\n\t\t\t\t\t\t\t\t\t\t\t\t\t\t\t\t\t\t\t\t\t\t<span class=\"elementor-button-text\">Wy\u015blij<\/span>\n\t\t\t\t\t\t\t\t\t\t\t\t\t<\/span>\n\t\t\t\t\t<\/button>\n\t\t\t\t<\/div>\n\t\t\t<\/div>\n\t\t<\/form>\n\t\t\t\t<\/div>\n\t\t\t\t<\/div>\n\t\t\t\t<div class=\"elementor-element elementor-element-53eea30 elementor-widget elementor-widget-spacer\" data-id=\"53eea30\" data-element_type=\"widget\" data-widget_type=\"spacer.default\">\n\t\t\t\t<div class=\"elementor-widget-container\">\n\t\t\t\t\t<div class=\"elementor-spacer\">\n\t\t\t<div class=\"elementor-spacer-inner\"><\/div>\n\t\t<\/div>\n\t\t\t\t<\/div>\n\t\t\t\t<\/div>\n\t\t\t\t\t<\/div>\n\t\t<\/div>\n\t\t\t\t\t\t\t<\/div>\n\t\t<\/section>\n\t\t\t\t\t\t\t<\/div>\n\t\t","protected":false},"excerpt":{"rendered":"<p>POZOSTA\u0143MY W KONTAKCIE Witamy w Vitalcea. Mamy nadziej\u0119, \u017ce nasze suplementy diety skutecznie pomagaj\u0105 i wspieraj\u0105 Tw\u00f3j organizm w walce z dolegliwo\u015bciami. Je\u015bli chcesz dowiedzie\u0107 si\u0119 czego\u015b wi\u0119cej o sk\u0142adnikach, podzieli\u0107 si\u0119 swoimi wra\u017ceniami, masz dowolne pytania lub w\u0105tpliwo\u015bci &#8211; gor\u0105co zach\u0119camy do kontaktu z Dzia\u0142em Obs\u0142ugi Klienta. Wierzymy, \u017ce dzi\u0119ki konkretnym uwagom \u015bwiadomych konsument\u00f3w, &hellip;<\/p>\n<p class=\"read-more\"> <a class=\"\" href=\"https:\/\/vitalcea.store\/pl\/kontakt\/\"> <span class=\"screen-reader-text\">Kontakt<\/span> Read More &raquo;<\/a><\/p>\n","protected":false},"author":1,"featured_media":0,"parent":0,"menu_order":0,"comment_status":"closed","ping_status":"closed","template":"","meta":{"site-sidebar-layout":"no-sidebar","site-content-layout":"page-builder","ast-global-header-display":"","ast-main-header-display":"","ast-hfb-above-header-display":"","ast-hfb-below-header-display":"","ast-hfb-mobile-header-display":"","site-post-title":"disabled","ast-breadcrumbs-content":"","ast-featured-img":"disabled","footer-sml-layout":"","theme-transparent-header-meta":"default","adv-header-id-meta":"","stick-header-meta":"","header-above-stick-meta":"","header-main-stick-meta":"","header-below-stick-meta":""},"yoast_head":"<!-- This site is optimized with the Yoast SEO plugin v20.3 - https:\/\/yoast.com\/wordpress\/plugins\/seo\/ -->\n<title>Kontakt - Vitalcea<\/title>\n<meta name=\"robots\" content=\"index, follow, max-snippet:-1, max-image-preview:large, max-video-preview:-1\" \/>\n<link rel=\"canonical\" href=\"https:\/\/vitalcea.store\/pl\/kontakt\/\" \/>\n<meta property=\"og:locale\" content=\"pl_PL\" \/>\n<meta property=\"og:type\" content=\"article\" \/>\n<meta property=\"og:title\" content=\"Kontakt - Vitalcea\" \/>\n<meta property=\"og:description\" content=\"POZOSTA\u0143MY W KONTAKCIE Witamy w Vitalcea. Mamy nadziej\u0119, \u017ce nasze suplementy diety skutecznie pomagaj\u0105 i wspieraj\u0105 Tw\u00f3j organizm w walce z dolegliwo\u015bciami. Je\u015bli chcesz dowiedzie\u0107 si\u0119 czego\u015b wi\u0119cej o sk\u0142adnikach, podzieli\u0107 si\u0119 swoimi wra\u017ceniami, masz dowolne pytania lub w\u0105tpliwo\u015bci &#8211; gor\u0105co zach\u0119camy do kontaktu z Dzia\u0142em Obs\u0142ugi Klienta. Wierzymy, \u017ce dzi\u0119ki konkretnym uwagom \u015bwiadomych konsument\u00f3w, &hellip; Kontakt Read More &raquo;\" \/>\n<meta property=\"og:url\" content=\"https:\/\/vitalcea.store\/pl\/kontakt\/\" \/>\n<meta property=\"og:site_name\" content=\"Vitalcea\" \/>\n<meta property=\"article:modified_time\" content=\"2021-12-03T14:59:51+00:00\" \/>\n<meta property=\"og:image\" content=\"https:\/\/vitalcea.store\/wp-content\/uploads\/2021\/10\/vitalcea-decor.png\" \/>\n<meta name=\"twitter:card\" content=\"summary_large_image\" \/>\n<meta name=\"twitter:label1\" content=\"Szacowany czas czytania\" \/>\n\t<meta name=\"twitter:data1\" content=\"1 minuta\" \/>\n<script type=\"application\/ld+json\" class=\"yoast-schema-graph\">{\"@context\":\"https:\/\/schema.org\",\"@graph\":[{\"@type\":\"WebPage\",\"@id\":\"https:\/\/vitalcea.store\/pl\/kontakt\/\",\"url\":\"https:\/\/vitalcea.store\/pl\/kontakt\/\",\"name\":\"Kontakt - Vitalcea\",\"isPartOf\":{\"@id\":\"https:\/\/vitalcea.store\/pl\/#website\"},\"datePublished\":\"2021-10-06T14:59:00+00:00\",\"dateModified\":\"2021-12-03T14:59:51+00:00\",\"breadcrumb\":{\"@id\":\"https:\/\/vitalcea.store\/pl\/kontakt\/#breadcrumb\"},\"inLanguage\":\"pl-PL\",\"potentialAction\":[{\"@type\":\"ReadAction\",\"target\":[\"https:\/\/vitalcea.store\/pl\/kontakt\/\"]}]},{\"@type\":\"BreadcrumbList\",\"@id\":\"https:\/\/vitalcea.store\/pl\/kontakt\/#breadcrumb\",\"itemListElement\":[{\"@type\":\"ListItem\",\"position\":1,\"name\":\"Home\",\"item\":\"https:\/\/vitalcea.store\/pl\/\"},{\"@type\":\"ListItem\",\"position\":2,\"name\":\"Kontakt\"}]},{\"@type\":\"WebSite\",\"@id\":\"https:\/\/vitalcea.store\/pl\/#website\",\"url\":\"https:\/\/vitalcea.store\/pl\/\",\"name\":\"Vitalcea\",\"description\":\"\",\"publisher\":{\"@id\":\"https:\/\/vitalcea.store\/pl\/#organization\"},\"potentialAction\":[{\"@type\":\"SearchAction\",\"target\":{\"@type\":\"EntryPoint\",\"urlTemplate\":\"https:\/\/vitalcea.store\/pl\/?s={search_term_string}\"},\"query-input\":\"required name=search_term_string\"}],\"inLanguage\":\"pl-PL\"},{\"@type\":\"Organization\",\"@id\":\"https:\/\/vitalcea.store\/pl\/#organization\",\"name\":\"Vitalcea\",\"url\":\"https:\/\/vitalcea.store\/pl\/\",\"logo\":{\"@type\":\"ImageObject\",\"inLanguage\":\"pl-PL\",\"@id\":\"https:\/\/vitalcea.store\/pl\/#\/schema\/logo\/image\/\",\"url\":\"https:\/\/vitalcea.store\/wp-content\/uploads\/2021\/11\/vitalcea-logo-190n-1.png\",\"contentUrl\":\"https:\/\/vitalcea.store\/wp-content\/uploads\/2021\/11\/vitalcea-logo-190n-1.png\",\"width\":190,\"height\":42,\"caption\":\"Vitalcea\"},\"image\":{\"@id\":\"https:\/\/vitalcea.store\/pl\/#\/schema\/logo\/image\/\"}}]}<\/script>\n<!-- \/ Yoast SEO plugin. -->","yoast_head_json":{"title":"Kontakt - Vitalcea","robots":{"index":"index","follow":"follow","max-snippet":"max-snippet:-1","max-image-preview":"max-image-preview:large","max-video-preview":"max-video-preview:-1"},"canonical":"https:\/\/vitalcea.store\/pl\/kontakt\/","og_locale":"pl_PL","og_type":"article","og_title":"Kontakt - Vitalcea","og_description":"POZOSTA\u0143MY W KONTAKCIE Witamy w Vitalcea. Mamy nadziej\u0119, \u017ce nasze suplementy diety skutecznie pomagaj\u0105 i wspieraj\u0105 Tw\u00f3j organizm w walce z dolegliwo\u015bciami. Je\u015bli chcesz dowiedzie\u0107 si\u0119 czego\u015b wi\u0119cej o sk\u0142adnikach, podzieli\u0107 si\u0119 swoimi wra\u017ceniami, masz dowolne pytania lub w\u0105tpliwo\u015bci &#8211; gor\u0105co zach\u0119camy do kontaktu z Dzia\u0142em Obs\u0142ugi Klienta. Wierzymy, \u017ce dzi\u0119ki konkretnym uwagom \u015bwiadomych konsument\u00f3w, &hellip; Kontakt Read More &raquo;","og_url":"https:\/\/vitalcea.store\/pl\/kontakt\/","og_site_name":"Vitalcea","article_modified_time":"2021-12-03T14:59:51+00:00","og_image":[{"url":"https:\/\/vitalcea.store\/wp-content\/uploads\/2021\/10\/vitalcea-decor.png"}],"twitter_card":"summary_large_image","twitter_misc":{"Szacowany czas czytania":"1 minuta"},"schema":{"@context":"https:\/\/schema.org","@graph":[{"@type":"WebPage","@id":"https:\/\/vitalcea.store\/pl\/kontakt\/","url":"https:\/\/vitalcea.store\/pl\/kontakt\/","name":"Kontakt - Vitalcea","isPartOf":{"@id":"https:\/\/vitalcea.store\/pl\/#website"},"datePublished":"2021-10-06T14:59:00+00:00","dateModified":"2021-12-03T14:59:51+00:00","breadcrumb":{"@id":"https:\/\/vitalcea.store\/pl\/kontakt\/#breadcrumb"},"inLanguage":"pl-PL","potentialAction":[{"@type":"ReadAction","target":["https:\/\/vitalcea.store\/pl\/kontakt\/"]}]},{"@type":"BreadcrumbList","@id":"https:\/\/vitalcea.store\/pl\/kontakt\/#breadcrumb","itemListElement":[{"@type":"ListItem","position":1,"name":"Home","item":"https:\/\/vitalcea.store\/pl\/"},{"@type":"ListItem","position":2,"name":"Kontakt"}]},{"@type":"WebSite","@id":"https:\/\/vitalcea.store\/pl\/#website","url":"https:\/\/vitalcea.store\/pl\/","name":"Vitalcea","description":"","publisher":{"@id":"https:\/\/vitalcea.store\/pl\/#organization"},"potentialAction":[{"@type":"SearchAction","target":{"@type":"EntryPoint","urlTemplate":"https:\/\/vitalcea.store\/pl\/?s={search_term_string}"},"query-input":"required name=search_term_string"}],"inLanguage":"pl-PL"},{"@type":"Organization","@id":"https:\/\/vitalcea.store\/pl\/#organization","name":"Vitalcea","url":"https:\/\/vitalcea.store\/pl\/","logo":{"@type":"ImageObject","inLanguage":"pl-PL","@id":"https:\/\/vitalcea.store\/pl\/#\/schema\/logo\/image\/","url":"https:\/\/vitalcea.store\/wp-content\/uploads\/2021\/11\/vitalcea-logo-190n-1.png","contentUrl":"https:\/\/vitalcea.store\/wp-content\/uploads\/2021\/11\/vitalcea-logo-190n-1.png","width":190,"height":42,"caption":"Vitalcea"},"image":{"@id":"https:\/\/vitalcea.store\/pl\/#\/schema\/logo\/image\/"}}]}},"_links":{"self":[{"href":"https:\/\/vitalcea.store\/pl\/wp-json\/wp\/v2\/pages\/14"}],"collection":[{"href":"https:\/\/vitalcea.store\/pl\/wp-json\/wp\/v2\/pages"}],"about":[{"href":"https:\/\/vitalcea.store\/pl\/wp-json\/wp\/v2\/types\/page"}],"author":[{"embeddable":true,"href":"https:\/\/vitalcea.store\/pl\/wp-json\/wp\/v2\/users\/1"}],"replies":[{"embeddable":true,"href":"https:\/\/vitalcea.store\/pl\/wp-json\/wp\/v2\/comments?post=14"}],"version-history":[{"count":84,"href":"https:\/\/vitalcea.store\/pl\/wp-json\/wp\/v2\/pages\/14\/revisions"}],"predecessor-version":[{"id":4563,"href":"https:\/\/vitalcea.store\/pl\/wp-json\/wp\/v2\/pages\/14\/revisions\/4563"}],"wp:attachment":[{"href":"https:\/\/vitalcea.store\/pl\/wp-json\/wp\/v2\/media?parent=14"}],"curies":[{"name":"wp","href":"https:\/\/api.w.org\/{rel}","templated":true}]}}